{"id":153,"date":"2025-03-25T12:22:19","date_gmt":"2025-03-25T12:22:19","guid":{"rendered":"https:\/\/kornat2.redpixlstudio.com\/?page_id=153"},"modified":"2025-07-25T05:47:58","modified_gmt":"2025-07-25T05:47:58","slug":"brod","status":"publish","type":"page","link":"https:\/\/kornat2.redpixlstudio.com\/de\/brod\/","title":{"rendered":"BOOT"},"content":{"rendered":"<div data-elementor-type=\"wp-page\" data-elementor-id=\"153\" class=\"elementor elementor-153\" data-elementor-post-type=\"page\">\n\t\t\t\t\t\t<section class=\"elementor-section elementor-top-section elementor-element elementor-element-7b3a66ca elementor-section-height-min-height elementor-section-boxed elementor-section-height-default elementor-section-items-middle\" data-id=\"7b3a66ca\" data-element_type=\"section\" data-settings=\"{&quot;background_background&quot;:&quot;classic&quot;}\">\n\t\t\t\t\t\t\t<div class=\"elementor-background-overlay\"><\/div>\n\t\t\t\t\t\t\t<div class=\"elementor-container elementor-column-gap-default\">\n\t\t\t\t\t<div class=\"elementor-column elementor-col-100 elementor-top-column elementor-element elementor-element-a5132ad\" data-id=\"a5132ad\" data-element_type=\"column\">\n\t\t\t<div class=\"elementor-widget-wrap\">\n\t\t\t\t\t\t\t<\/div>\n\t\t<\/div>\n\t\t\t\t\t<\/div>\n\t\t<\/section>\n\t\t\t\t<section class=\"elementor-section elementor-top-section elementor-element elementor-element-74c308cd elementor-section-height-min-height elementor-section-boxed elementor-section-height-default elementor-section-items-middle\" data-id=\"74c308cd\" data-element_type=\"section\" data-settings=\"{&quot;background_background&quot;:&quot;classic&quot;}\">\n\t\t\t\t\t\t\t<div class=\"elementor-background-overlay\"><\/div>\n\t\t\t\t\t\t\t<div class=\"elementor-container elementor-column-gap-default\">\n\t\t\t\t\t<div class=\"elementor-column elementor-col-50 elementor-top-column elementor-element elementor-element-5d8acf88\" data-id=\"5d8acf88\" data-element_type=\"column\">\n\t\t\t<div class=\"elementor-widget-wrap elementor-element-populated\">\n\t\t\t\t\t\t<div class=\"elementor-element elementor-element-1c250186 elementor-invisible elementor-widget elementor-widget-heading\" data-id=\"1c250186\" data-element_type=\"widget\" data-settings=\"{&quot;_animation&quot;:&quot;slideInLeft&quot;}\" data-widget_type=\"heading.default\">\n\t\t\t\t<div class=\"elementor-widget-container\">\n\t\t\t\t\t<h1 class=\"elementor-heading-title elementor-size-default\">Boot Blue Lagoon<\/h1>\t\t\t\t<\/div>\n\t\t\t\t<\/div>\n\t\t\t\t<div class=\"elementor-element elementor-element-2d74dd4b elementor-invisible elementor-widget elementor-widget-text-editor\" data-id=\"2d74dd4b\" data-element_type=\"widget\" data-settings=\"{&quot;_animation&quot;:&quot;slideInUp&quot;}\" data-widget_type=\"text-editor.default\">\n\t\t\t\t<div class=\"elementor-widget-container\">\n\t\t\t\t\t\t\t\t\t<p class=\"translation-block\">Boat Plava Laguna ist ein Holz -Touristenboot, das zwanzig Jahre lang Besucher des sch\u00f6nen Nationalparks Kornati f\u00e4hrt. Die maximale Kapazit\u00e4t betr\u00e4gt 100 Personen. Jeden Tag segeln wir das Kornati -Archipel, damit wir uns mit dem tiefblauen Meer vertraut machen, sogar die Delfine spielen gerne, wie Sie in unserem Video sehen k\u00f6nnen. Crew Plava Laguna seit vielen Jahren, liebe G\u00e4ste, enth\u00fcllt die Geheimnisse des Kornati -Nationalparks mit dem Wunsch, den besten Tag des Urlaubs zu sein.<\/p>\t\t\t\t\t\t\t\t<\/div>\n\t\t\t\t<\/div>\n\t\t\t\t<div class=\"elementor-element elementor-element-1a50a45 elementor-align-left elementor-mobile-align-center elementor-invisible elementor-widget elementor-widget-button\" data-id=\"1a50a45\" data-element_type=\"widget\" data-settings=\"{&quot;_animation&quot;:&quot;zoomIn&quot;}\" data-widget_type=\"button.default\">\n\t\t\t\t<div class=\"elementor-widget-container\">\n\t\t\t\t\t\t\t\t\t<div class=\"elementor-button-wrapper\">\n\t\t\t\t\t<a class=\"elementor-button elementor-button-link elementor-size-sm elementor-animation-hang\" href=\"https:\/\/kornat2.redpixlstudio.com\/de\/events\/\">\n\t\t\t\t\t\t<span class=\"elementor-button-content-wrapper\">\n\t\t\t\t\t\t\t\t\t<span class=\"elementor-button-text\">BOOK NOW<\/span>\n\t\t\t\t\t<\/span>\n\t\t\t\t\t<\/a>\n\t\t\t\t<\/div>\n\t\t\t\t\t\t\t\t<\/div>\n\t\t\t\t<\/div>\n\t\t\t\t\t<\/div>\n\t\t<\/div>\n\t\t\t\t<div class=\"elementor-column elementor-col-50 elementor-top-column elementor-element elementor-element-37152bac\" data-id=\"37152bac\" data-element_type=\"column\">\n\t\t\t<div class=\"elementor-widget-wrap elementor-element-populated\">\n\t\t\t\t\t\t<div class=\"elementor-element elementor-element-4d0a1172 elementor-widget__width-initial elementor-invisible elementor-widget elementor-widget-image\" data-id=\"4d0a1172\" data-element_type=\"widget\" data-settings=\"{&quot;_animation&quot;:&quot;slideInRight&quot;}\" data-widget_type=\"image.default\">\n\t\t\t\t<div class=\"elementor-widget-container\">\n\t\t\t\t\t\t\t\t\t\t\t\t\t\t\t<img fetchpriority=\"high\" decoding=\"async\" width=\"800\" height=\"600\" src=\"https:\/\/kornat2.redpixlstudio.com\/wp-content\/uploads\/2025\/03\/brod_6-1.jpg\" class=\"elementor-animation-wobble-horizontal attachment-full size-full wp-image-226\" alt=\"\" srcset=\"https:\/\/kornat2.redpixlstudio.com\/wp-content\/uploads\/2025\/03\/brod_6-1.jpg 800w, https:\/\/kornat2.redpixlstudio.com\/wp-content\/uploads\/2025\/03\/brod_6-1-600x450.jpg 600w, https:\/\/kornat2.redpixlstudio.com\/wp-content\/uploads\/2025\/03\/brod_6-1-300x225.jpg 300w, https:\/\/kornat2.redpixlstudio.com\/wp-content\/uploads\/2025\/03\/brod_6-1-768x576.jpg 768w\" sizes=\"(max-width: 800px) 100vw, 800px\" \/>\t\t\t\t\t\t\t\t\t\t\t\t\t\t\t<\/div>\n\t\t\t\t<\/div>\n\t\t\t\t\t<\/div>\n\t\t<\/div>\n\t\t\t\t\t<\/div>\n\t\t<\/section>\n\t\t\t\t<section class=\"elementor-section elementor-top-section elementor-element elementor-element-4828fdcd elementor-section-boxed elementor-section-height-default elementor-section-height-default\" data-id=\"4828fdcd\" data-element_type=\"section\" data-settings=\"{&quot;background_background&quot;:&quot;classic&quot;}\">\n\t\t\t\t\t\t<div class=\"elementor-container elementor-column-gap-default\">\n\t\t\t\t\t<div class=\"elementor-column elementor-col-100 elementor-top-column elementor-element elementor-element-699bfca\" data-id=\"699bfca\" data-element_type=\"column\">\n\t\t\t<div class=\"elementor-widget-wrap elementor-element-populated\">\n\t\t\t\t\t\t<div class=\"elementor-element elementor-element-90a4365 gallery-spacing-custom elementor-widget elementor-widget-image-gallery\" data-id=\"90a4365\" data-element_type=\"widget\" data-widget_type=\"image-gallery.default\">\n\t\t\t\t<div class=\"elementor-widget-container\">\n\t\t\t\t\t\t\t<div class=\"elementor-image-gallery\">\n\t\t\t<div id='gallery-1' class='gallery galleryid-153 gallery-columns-3 gallery-size-large'><figure class='gallery-item'>\n\t\t\t<div class='gallery-icon landscape'>\n\t\t\t\t<a data-elementor-open-lightbox=\"yes\" data-elementor-lightbox-slideshow=\"90a4365\" data-elementor-lightbox-title=\"boat1\" data-e-action-hash=\"#elementor-action%3Aaction%3Dlightbox%26settings%3DeyJpZCI6Mjk2LCJ1cmwiOiJodHRwczpcL1wva29ybmF0Mi5yZWRwaXhsc3R1ZGlvLmNvbVwvd3AtY29udGVudFwvdXBsb2Fkc1wvMjAyNVwvMDRcL2JvYXQxLmpwZyIsInNsaWRlc2hvdyI6IjkwYTQzNjUifQ%3D%3D\" href='https:\/\/kornat2.redpixlstudio.com\/wp-content\/uploads\/2025\/04\/boat1.jpg'><img decoding=\"async\" width=\"800\" height=\"450\" src=\"https:\/\/kornat2.redpixlstudio.com\/wp-content\/uploads\/2025\/04\/boat1-1024x576.jpg\" class=\"attachment-large size-large\" alt=\"\" srcset=\"https:\/\/kornat2.redpixlstudio.com\/wp-content\/uploads\/2025\/04\/boat1-1024x576.jpg 1024w, https:\/\/kornat2.redpixlstudio.com\/wp-content\/uploads\/2025\/04\/boat1-600x338.jpg 600w, https:\/\/kornat2.redpixlstudio.com\/wp-content\/uploads\/2025\/04\/boat1-300x169.jpg 300w, https:\/\/kornat2.redpixlstudio.com\/wp-content\/uploads\/2025\/04\/boat1-768x432.jpg 768w, https:\/\/kornat2.redpixlstudio.com\/wp-content\/uploads\/2025\/04\/boat1-1536x864.jpg 1536w, https:\/\/kornat2.redpixlstudio.com\/wp-content\/uploads\/2025\/04\/boat1.jpg 1920w\" sizes=\"(max-width: 800px) 100vw, 800px\" \/><\/a>\n\t\t\t<\/div><\/figure><figure class='gallery-item'>\n\t\t\t<div class='gallery-icon landscape'>\n\t\t\t\t<a data-elementor-open-lightbox=\"yes\" data-elementor-lightbox-slideshow=\"90a4365\" data-elementor-lightbox-title=\"boat6\" data-e-action-hash=\"#elementor-action%3Aaction%3Dlightbox%26settings%3DeyJpZCI6Mjk3LCJ1cmwiOiJodHRwczpcL1wva29ybmF0Mi5yZWRwaXhsc3R1ZGlvLmNvbVwvd3AtY29udGVudFwvdXBsb2Fkc1wvMjAyNVwvMDRcL2JvYXQ2LmpwZyIsInNsaWRlc2hvdyI6IjkwYTQzNjUifQ%3D%3D\" href='https:\/\/kornat2.redpixlstudio.com\/wp-content\/uploads\/2025\/04\/boat6.jpg'><img decoding=\"async\" width=\"800\" height=\"451\" src=\"https:\/\/kornat2.redpixlstudio.com\/wp-content\/uploads\/2025\/04\/boat6-1024x577.jpg\" class=\"attachment-large size-large\" alt=\"\" srcset=\"https:\/\/kornat2.redpixlstudio.com\/wp-content\/uploads\/2025\/04\/boat6-1024x577.jpg 1024w, https:\/\/kornat2.redpixlstudio.com\/wp-content\/uploads\/2025\/04\/boat6-600x338.jpg 600w, https:\/\/kornat2.redpixlstudio.com\/wp-content\/uploads\/2025\/04\/boat6-300x169.jpg 300w, https:\/\/kornat2.redpixlstudio.com\/wp-content\/uploads\/2025\/04\/boat6-768x432.jpg 768w, https:\/\/kornat2.redpixlstudio.com\/wp-content\/uploads\/2025\/04\/boat6-1536x865.jpg 1536w, https:\/\/kornat2.redpixlstudio.com\/wp-content\/uploads\/2025\/04\/boat6.jpg 1920w\" sizes=\"(max-width: 800px) 100vw, 800px\" \/><\/a>\n\t\t\t<\/div><\/figure><figure class='gallery-item'>\n\t\t\t<div class='gallery-icon landscape'>\n\t\t\t\t<a data-elementor-open-lightbox=\"yes\" data-elementor-lightbox-slideshow=\"90a4365\" data-elementor-lightbox-title=\"boat6\" data-e-action-hash=\"#elementor-action%3Aaction%3Dlightbox%26settings%3DeyJpZCI6Mjk4LCJ1cmwiOiJodHRwczpcL1wva29ybmF0Mi5yZWRwaXhsc3R1ZGlvLmNvbVwvd3AtY29udGVudFwvdXBsb2Fkc1wvMjAyNVwvMDRcL2JvYXQzLmpwZyIsInNsaWRlc2hvdyI6IjkwYTQzNjUifQ%3D%3D\" href='https:\/\/kornat2.redpixlstudio.com\/wp-content\/uploads\/2025\/04\/boat3.jpg'><img loading=\"lazy\" decoding=\"async\" width=\"800\" height=\"450\" src=\"https:\/\/kornat2.redpixlstudio.com\/wp-content\/uploads\/2025\/04\/boat3-1024x576.jpg\" class=\"attachment-large size-large\" alt=\"\" aria-describedby=\"gallery-1-298\" srcset=\"https:\/\/kornat2.redpixlstudio.com\/wp-content\/uploads\/2025\/04\/boat3-1024x576.jpg 1024w, https:\/\/kornat2.redpixlstudio.com\/wp-content\/uploads\/2025\/04\/boat3-600x338.jpg 600w, https:\/\/kornat2.redpixlstudio.com\/wp-content\/uploads\/2025\/04\/boat3-300x169.jpg 300w, https:\/\/kornat2.redpixlstudio.com\/wp-content\/uploads\/2025\/04\/boat3-768x432.jpg 768w, https:\/\/kornat2.redpixlstudio.com\/wp-content\/uploads\/2025\/04\/boat3-1536x864.jpg 1536w, https:\/\/kornat2.redpixlstudio.com\/wp-content\/uploads\/2025\/04\/boat3.jpg 1920w\" sizes=\"(max-width: 800px) 100vw, 800px\" \/><\/a>\n\t\t\t<\/div>\n\t\t\t\t<figcaption class='wp-caption-text gallery-caption' id='gallery-1-298'>\n\t\t\t\tOLYMPUS DIGITAL CAMERA\n\t\t\t\t<\/figcaption><\/figure><figure class='gallery-item'>\n\t\t\t<div class='gallery-icon landscape'>\n\t\t\t\t<a data-elementor-open-lightbox=\"yes\" data-elementor-lightbox-slideshow=\"90a4365\" data-elementor-lightbox-title=\"boat5\" data-e-action-hash=\"#elementor-action%3Aaction%3Dlightbox%26settings%3DeyJpZCI6Mjk5LCJ1cmwiOiJodHRwczpcL1wva29ybmF0Mi5yZWRwaXhsc3R1ZGlvLmNvbVwvd3AtY29udGVudFwvdXBsb2Fkc1wvMjAyNVwvMDRcL2JvYXQ1LmpwZyIsInNsaWRlc2hvdyI6IjkwYTQzNjUifQ%3D%3D\" href='https:\/\/kornat2.redpixlstudio.com\/wp-content\/uploads\/2025\/04\/boat5.jpg'><img loading=\"lazy\" decoding=\"async\" width=\"800\" height=\"450\" src=\"https:\/\/kornat2.redpixlstudio.com\/wp-content\/uploads\/2025\/04\/boat5-1024x576.jpg\" class=\"attachment-large size-large\" alt=\"\" srcset=\"https:\/\/kornat2.redpixlstudio.com\/wp-content\/uploads\/2025\/04\/boat5-1024x576.jpg 1024w, https:\/\/kornat2.redpixlstudio.com\/wp-content\/uploads\/2025\/04\/boat5-600x338.jpg 600w, https:\/\/kornat2.redpixlstudio.com\/wp-content\/uploads\/2025\/04\/boat5-300x169.jpg 300w, https:\/\/kornat2.redpixlstudio.com\/wp-content\/uploads\/2025\/04\/boat5-768x432.jpg 768w, https:\/\/kornat2.redpixlstudio.com\/wp-content\/uploads\/2025\/04\/boat5-1536x864.jpg 1536w, https:\/\/kornat2.redpixlstudio.com\/wp-content\/uploads\/2025\/04\/boat5.jpg 1920w\" sizes=\"(max-width: 800px) 100vw, 800px\" \/><\/a>\n\t\t\t<\/div><\/figure><figure class='gallery-item'>\n\t\t\t<div class='gallery-icon landscape'>\n\t\t\t\t<a data-elementor-open-lightbox=\"yes\" data-elementor-lightbox-slideshow=\"90a4365\" data-elementor-lightbox-title=\"boat2\" data-e-action-hash=\"#elementor-action%3Aaction%3Dlightbox%26settings%3DeyJpZCI6MzAwLCJ1cmwiOiJodHRwczpcL1wva29ybmF0Mi5yZWRwaXhsc3R1ZGlvLmNvbVwvd3AtY29udGVudFwvdXBsb2Fkc1wvMjAyNVwvMDRcL2JvYXQyLmpwZyIsInNsaWRlc2hvdyI6IjkwYTQzNjUifQ%3D%3D\" href='https:\/\/kornat2.redpixlstudio.com\/wp-content\/uploads\/2025\/04\/boat2.jpg'><img loading=\"lazy\" decoding=\"async\" width=\"800\" height=\"450\" src=\"https:\/\/kornat2.redpixlstudio.com\/wp-content\/uploads\/2025\/04\/boat2-1024x576.jpg\" class=\"attachment-large size-large\" alt=\"\" srcset=\"https:\/\/kornat2.redpixlstudio.com\/wp-content\/uploads\/2025\/04\/boat2-1024x576.jpg 1024w, https:\/\/kornat2.redpixlstudio.com\/wp-content\/uploads\/2025\/04\/boat2-600x338.jpg 600w, https:\/\/kornat2.redpixlstudio.com\/wp-content\/uploads\/2025\/04\/boat2-300x169.jpg 300w, https:\/\/kornat2.redpixlstudio.com\/wp-content\/uploads\/2025\/04\/boat2-768x432.jpg 768w, https:\/\/kornat2.redpixlstudio.com\/wp-content\/uploads\/2025\/04\/boat2-1536x864.jpg 1536w, https:\/\/kornat2.redpixlstudio.com\/wp-content\/uploads\/2025\/04\/boat2.jpg 1920w\" sizes=\"(max-width: 800px) 100vw, 800px\" \/><\/a>\n\t\t\t<\/div><\/figure><figure class='gallery-item'>\n\t\t\t<div class='gallery-icon landscape'>\n\t\t\t\t<a data-elementor-open-lightbox=\"yes\" data-elementor-lightbox-slideshow=\"90a4365\" data-elementor-lightbox-title=\"boat4\" data-e-action-hash=\"#elementor-action%3Aaction%3Dlightbox%26settings%3DeyJpZCI6MzAxLCJ1cmwiOiJodHRwczpcL1wva29ybmF0Mi5yZWRwaXhsc3R1ZGlvLmNvbVwvd3AtY29udGVudFwvdXBsb2Fkc1wvMjAyNVwvMDRcL2JvYXQ0LmpwZyIsInNsaWRlc2hvdyI6IjkwYTQzNjUifQ%3D%3D\" href='https:\/\/kornat2.redpixlstudio.com\/wp-content\/uploads\/2025\/04\/boat4.jpg'><img loading=\"lazy\" decoding=\"async\" width=\"800\" height=\"450\" src=\"https:\/\/kornat2.redpixlstudio.com\/wp-content\/uploads\/2025\/04\/boat4-1024x576.jpg\" class=\"attachment-large size-large\" alt=\"\" srcset=\"https:\/\/kornat2.redpixlstudio.com\/wp-content\/uploads\/2025\/04\/boat4-1024x576.jpg 1024w, https:\/\/kornat2.redpixlstudio.com\/wp-content\/uploads\/2025\/04\/boat4-600x338.jpg 600w, https:\/\/kornat2.redpixlstudio.com\/wp-content\/uploads\/2025\/04\/boat4-300x169.jpg 300w, https:\/\/kornat2.redpixlstudio.com\/wp-content\/uploads\/2025\/04\/boat4-768x432.jpg 768w, https:\/\/kornat2.redpixlstudio.com\/wp-content\/uploads\/2025\/04\/boat4-1536x864.jpg 1536w, https:\/\/kornat2.redpixlstudio.com\/wp-content\/uploads\/2025\/04\/boat4.jpg 1920w\" sizes=\"(max-width: 800px) 100vw, 800px\" \/><\/a>\n\t\t\t<\/div><\/figure>\n\t\t<\/div>\n\t\t<\/div>\n\t\t\t\t\t\t<\/div>\n\t\t\t\t<\/div>\n\t\t\t\t\t<\/div>\n\t\t<\/div>\n\t\t\t\t\t<\/div>\n\t\t<\/section>\n\t\t\t\t<\/div>","protected":false},"excerpt":{"rendered":"<p>BROD PLAVA LAGUNA Brod\u00a0Plava Laguna\u00a0je drveni turisti\u010dki brod koji ve\u0107 dvadeset godina vozi goste u prekrasni Nacionalni park Kornati. Maksimalni kapacitet je do 100 osoba. Svakodnevno plove\u0107i arhipelagom Kornata, toliko je postao poznat stanovnicima plavih dubina, da ga delfini osje\u0107aju dijelom svoje dru\u017eine. Rado se igraju sa nama \u0161to mo\u017eete vidjeti na na\u0161em videu. Posada [&hellip;]<\/p>","protected":false},"author":1,"featured_media":0,"parent":0,"menu_order":0,"comment_status":"closed","ping_status":"closed","template":"","meta":{"_price":"","_stock":"","_tribe_ticket_header":"","_tribe_default_ticket_provider":"","_tribe_ticket_capacity":"0","_ticket_start_date":"","_ticket_end_date":"","_tribe_ticket_show_description":"","_tribe_ticket_show_not_going":false,"_tribe_ticket_use_global_stock":"","_tribe_ticket_global_stock_level":"","_global_stock_mode":"","_global_stock_cap":"","_tribe_rsvp_for_event":"","_tribe_ticket_going_count":"","_tribe_ticket_not_going_count":"","_tribe_tickets_list":"[]","_tribe_ticket_has_attendee_info_fields":false,"footnotes":"","_tec_slr_enabled":"","_tec_slr_layout":""},"class_list":["post-153","page","type-page","status-publish","hentry"],"ticketed":false,"_links":{"self":[{"href":"https:\/\/kornat2.redpixlstudio.com\/de\/wp-json\/wp\/v2\/pages\/153","targetHints":{"allow":["GET"]}}],"collection":[{"href":"https:\/\/kornat2.redpixlstudio.com\/de\/wp-json\/wp\/v2\/pages"}],"about":[{"href":"https:\/\/kornat2.redpixlstudio.com\/de\/wp-json\/wp\/v2\/types\/page"}],"author":[{"embeddable":true,"href":"https:\/\/kornat2.redpixlstudio.com\/de\/wp-json\/wp\/v2\/users\/1"}],"replies":[{"embeddable":true,"href":"https:\/\/kornat2.redpixlstudio.com\/de\/wp-json\/wp\/v2\/comments?post=153"}],"version-history":[{"count":37,"href":"https:\/\/kornat2.redpixlstudio.com\/de\/wp-json\/wp\/v2\/pages\/153\/revisions"}],"predecessor-version":[{"id":1627,"href":"https:\/\/kornat2.redpixlstudio.com\/de\/wp-json\/wp\/v2\/pages\/153\/revisions\/1627"}],"wp:attachment":[{"href":"https:\/\/kornat2.redpixlstudio.com\/de\/wp-json\/wp\/v2\/media?parent=153"}],"curies":[{"name":"wp","href":"https:\/\/api.w.org\/{rel}","templated":true}]}}